{"id":420,"date":"2022-12-06T12:48:29","date_gmt":"2022-12-06T11:48:29","guid":{"rendered":"https:\/\/jednostki.uksw.edu.pl\/solidarnosc\/dolacz\/"},"modified":"2022-12-20T11:09:59","modified_gmt":"2022-12-20T10:09:59","slug":"dolacz","status":"publish","type":"page","link":"https:\/\/solidarnosc.uksw.edu.pl\/dolacz\/","title":{"rendered":"Do\u0142\u0105cz"},"content":{"rendered":"\n<h2 class=\"wp-block-heading\">Chcesz mie\u0107 wp\u0142yw na to co si\u0119 dzieje na UKSW?<\/h2>\n\n\n\n<p>Jeste\u015b pracownikiem naukowym, administracyjnym?<\/p>\n\n\n\n<p>Pracujesz na ca\u0142y etat, na p\u00f3\u0142?<\/p>\n\n\n\n<p>Chcesz, \u017ceby UKSW by\u0142o lepszym miejscem, gdzie p\u0142ace s\u0105 na godnym poziomie, pracownicy szanowani a dialog mi\u0119dzy pracodawc\u0105 i pracownikiem naprawd\u0119 dzia\u0142a?<\/p>\n\n\n\n<h3 class=\"wp-block-heading\">Zosta\u0144 cz\u0142onkiem Solidarno\u015bci i pom\u00f3\u017c nam dzia\u0142a\u0107!<\/h3>\n\n\n\n<p>Pobierz i wype\u0142nij deklaracj\u0119 cz\u0142onkowsk\u0105, a nast\u0119pnie oddaj j\u0105 kt\u00f3remu\u015b cz\u0142onkowi Komisji Zak\u0142adowej.<\/p>\n\n\n\n<p>Mo\u017cesz te\u017c si\u0119 z nami spotka\u0107, napisa\u0107 maila albo zadzwoni\u0107.<\/p>\n\n\n\r\n<div class=\"\">\r\n\r\n\r\n<div class=\"row\">\r\n\r\n  \r\n<div class=\"col-xl-12 col-lg-12 col-md-12 col-sm-12 \">\r\n\t\t<div class=\"download_detils\">\r\n\t\t\t<a href=\"https:\/\/solidarnosc.uksw.edu.pl\/wp-content\/uploads\/sites\/35\/2022\/12\/002_deklaracja_nowa.pdf\"  title=\"Pobierz Deklaracj\u0119 cz\u0142onkowsk\u0105\" download >\r\n\t\t\t<img decoding=\"async\" src=\"https:\/\/solidarnosc.uksw.edu.pl\/wp-content\/themes\/uksw\/images\/import.svg\" alt=\"\"> Pobierz Deklaracj\u0119 cz\u0142onkowsk\u0105 [PDF,  0.82 MB]<\/a>\r\n\t\t<\/div>\r\n<\/div>\r\n\r\n\r\n\t\t\r\n\t\t \r\n\r\n<\/div>\r\n<\/div>\r\n<div class=\"space20\"><\/div>\r\n\r\n\n\n\n<h2 class=\"wp-block-heading\">Je\u015bli na UKSW dzieje si\u0119 co\u015b wa\u017cnego i chcesz nam to zg\u0142osi\u0107 skorzystaj z formularza poni\u017cej:<\/h2>\n\n\n\r\n<div class=\"\">\r\n\r\n\r\n<div class=\"contact_grey\">\r\n\r\n\n<div class=\"wpcf7 no-js\" id=\"wpcf7-f744-o1\" lang=\"pl-PL\" dir=\"ltr\" data-wpcf7-id=\"744\">\n<div class=\"screen-reader-response\"><p role=\"status\" aria-live=\"polite\" aria-atomic=\"true\"><\/p> <ul><\/ul><\/div>\n<form action=\"\/pl\/wp-json\/wp\/v2\/pages\/420#wpcf7-f744-o1\" method=\"post\" class=\"wpcf7-form init\" aria-label=\"Formularz kontaktowy\" novalidate=\"novalidate\" data-status=\"init\">\n<div style=\"display: none;\">\n<input type=\"hidden\" name=\"_wpcf7\" value=\"744\" \/>\n<input type=\"hidden\" name=\"_wpcf7_version\" value=\"6.0.6\" \/>\n<input type=\"hidden\" name=\"_wpcf7_locale\" value=\"pl_PL\" \/>\n<input type=\"hidden\" name=\"_wpcf7_unit_tag\" value=\"wpcf7-f744-o1\" \/>\n<input type=\"hidden\" name=\"_wpcf7_container_post\" value=\"0\" \/>\n<input type=\"hidden\" name=\"_wpcf7_posted_data_hash\" value=\"\" \/>\n<\/div>\n<p>Pola oznaczone symbolem gwiazdki * wymagaj\u0105 uzupe\u0142nienia<\/p>\n<div class=\"row\">\n<div class=\"col-xxl-6 col-xl-6 col-lg-6 col-md-12 col-sm-12\">\n<div class=\"mb-4\">\n<label for=\"topic\" class=\"sr-only\">Wpisz tytu\u0142 dotycz\u0105cego problemu<\/label>\n<span class=\"wpcf7-form-control-wrap\" data-name=\"topic\"><input size=\"40\" maxlength=\"400\" class=\"wpcf7-form-control wpcf7-text wpcf7-validates-as-required form-control\" id=\"topic\" aria-required=\"true\" aria-invalid=\"false\" placeholder=\"Temat sprawy *\" value=\"\" type=\"text\" name=\"topic\" \/><\/span>\n<\/div>\n<\/div>\n<\/div>\n\n<div class=\"row\">\n<div class=\"col-xxl-6 col-xl-6 col-lg-6 col-md-12 col-sm-12\">\n<div class=\"mb-4\">\n<label for=\"message\" class=\"sr-only\">Wpisz opis napotkanego problemu lub zdarzenia<\/label>\n<span class=\"wpcf7-form-control-wrap\" data-name=\"message\"><textarea cols=\"1\" rows=\"5\" maxlength=\"2000\" class=\"wpcf7-form-control wpcf7-textarea wpcf7-validates-as-required form-control\" id=\"message\" aria-required=\"true\" aria-invalid=\"false\" placeholder=\"Opis sprawy *\" name=\"message\"><\/textarea><\/span>\n<\/div>\n<\/div>\n<\/div>\n\n<div class=\"row\">\n<div class=\"col-xxl-6 col-xl-6 col-lg-6 col-md-12 col-sm-12\">\n<div class=\"mb-4\">\n<label for=\"email\" class=\"sr-only\">Wpisz adres mailowy<\/label>\n<span class=\"wpcf7-form-control-wrap\" data-name=\"your-email\"><input size=\"40\" maxlength=\"400\" class=\"wpcf7-form-control wpcf7-email wpcf7-validates-as-required wpcf7-text wpcf7-validates-as-email form-control\" id=\"email\" aria-required=\"true\" aria-invalid=\"false\" placeholder=\"Adres e-mail *\" value=\"\" type=\"email\" name=\"your-email\" \/><\/span>  \n<\/div>\n<\/div>\n<\/div>\n\n<div class=\"mb-4\">\n<div class=\"form-check\">\n<span class=\"wpcf7-form-control-wrap\" data-name=\"checkbox-666\"><span class=\"wpcf7-form-control wpcf7-checkbox wpcf7-validates-as-required\" id=\"cb\"><span class=\"wpcf7-list-item first last\"><label><input type=\"checkbox\" name=\"checkbox-666[]\" value=\"Korzystanie ze strony oznacza zgod\u0119 na przetwarzanie danych osobowych. Informacja o ochronie danych osobowych (RODO).\" \/><span class=\"wpcf7-list-item-label\">Korzystanie ze strony oznacza zgod\u0119 na przetwarzanie danych osobowych. Informacja o ochronie danych osobowych (RODO).<\/span><\/label><\/span><\/span><\/span>\n<\/div>\n<\/div>\n\n<div>\n<button class=\"but_send\" title=\"Kliknij, aby przes\u0142a\u0107 formularz\" type=\"submit\">Wy\u015blij<\/button>\n<\/div><div class=\"wpcf7-response-output\" aria-hidden=\"true\"><\/div>\n<\/form>\n<\/div>\n\r\n<\/div>\r\n\r\n\r\n<\/div>","protected":false},"excerpt":{"rendered":"<p>Chcesz mie\u0107 wp\u0142yw na to co si\u0119 dzieje na UKSW? Jeste\u015b pracownikiem naukowym, administracyjnym? Pracujesz na ca\u0142y etat, na p\u00f3\u0142? Chcesz, \u017ceby UKSW by\u0142o lepszym miejscem, gdzie p\u0142ace s\u0105 na godnym poziomie, pracownicy szanowani a dialog mi\u0119dzy pracodawc\u0105 i pracownikiem naprawd\u0119 dzia\u0142a? Zosta\u0144 cz\u0142onkiem Solidarno\u015bci i pom\u00f3\u017c nam dzia\u0142a\u0107! Pobierz i wype\u0142nij deklaracj\u0119 cz\u0142onkowsk\u0105, a [&hellip;]<\/p>\n","protected":false},"author":1,"featured_media":959,"parent":0,"menu_order":3,"comment_status":"closed","ping_status":"closed","template":"page-templates\/template-sub-page.php","meta":{"_acf_changed":false,"inline_featured_image":false,"footnotes":"","_links_to":"","_links_to_target":""},"class_list":["post-420","page","type-page","status-publish","has-post-thumbnail","hentry"],"acf":[],"_links":{"self":[{"href":"https:\/\/solidarnosc.uksw.edu.pl\/pl\/wp-json\/wp\/v2\/pages\/420","targetHints":{"allow":["GET"]}}],"collection":[{"href":"https:\/\/solidarnosc.uksw.edu.pl\/pl\/wp-json\/wp\/v2\/pages"}],"about":[{"href":"https:\/\/solidarnosc.uksw.edu.pl\/pl\/wp-json\/wp\/v2\/types\/page"}],"author":[{"embeddable":true,"href":"https:\/\/solidarnosc.uksw.edu.pl\/pl\/wp-json\/wp\/v2\/users\/1"}],"replies":[{"embeddable":true,"href":"https:\/\/solidarnosc.uksw.edu.pl\/pl\/wp-json\/wp\/v2\/comments?post=420"}],"version-history":[{"count":8,"href":"https:\/\/solidarnosc.uksw.edu.pl\/pl\/wp-json\/wp\/v2\/pages\/420\/revisions"}],"predecessor-version":[{"id":961,"href":"https:\/\/solidarnosc.uksw.edu.pl\/pl\/wp-json\/wp\/v2\/pages\/420\/revisions\/961"}],"wp:featuredmedia":[{"embeddable":true,"href":"https:\/\/solidarnosc.uksw.edu.pl\/pl\/wp-json\/wp\/v2\/media\/959"}],"wp:attachment":[{"href":"https:\/\/solidarnosc.uksw.edu.pl\/pl\/wp-json\/wp\/v2\/media?parent=420"}],"curies":[{"name":"wp","href":"https:\/\/api.w.org\/{rel}","templated":true}]}}