{"id":421,"date":"2022-12-06T12:48:29","date_gmt":"2022-12-06T11:48:29","guid":{"rendered":"https:\/\/jednostki.uksw.edu.pl\/solidarnosc\/kontakt\/"},"modified":"2023-05-10T10:17:51","modified_gmt":"2023-05-10T08:17:51","slug":"kontakt","status":"publish","type":"page","link":"https:\/\/solidarnosc.uksw.edu.pl\/kontakt\/","title":{"rendered":"Kontakt"},"content":{"rendered":"\r\n<div class=\"\">\r\n\r\n<div class=\"row\">\r\n\r\n  \r\n\r\n\r\n     <div class=\"col-xl-12 col-lg-6 col-md-12 col-sm-12 project\">\r\n\t\t\t<div class=\"contact_box project_box\">\r\n\t\t\t<div class=\"headingh2\">ORGANIZACJA ZAK\u0141ADOWA NSZZ Solidarno\u015b\u0107<br>przy Uniwersytecie Kardyna\u0142a Stefana Wyszy\u0144skiego<\/div>\r\n\t\t\t<div class=\"headingh3\">pok. 208 NB, poz. &#8222;-1&#8221;<\/div><br>\r\n\r\n\r\n\t\t\t<p>Ul. Dewajtis 5<br \/>\n01-815 WARSZAWA<\/p>\n<p><a href=\"http:\/\/www.solidarnosc.uksw.edu.pl\/\">www.solidarnosc.uksw.edu.pl<\/a><br \/>\n<a href=\"mailto:solidarnosc@uksw.edu.pl\">solidarnosc@uksw.edu.pl<\/a><\/p>\n<p>Nr organizacji zak\u0142adowej: 3170<br \/>\nREGON: 141048440<br \/>\nNIP: 1181907884<\/p>\n<p>Rachunek: 09 1020 1026 0000 1502 0120 4973<br \/>\nOddzia\u0142 prowadz\u0105cy rachunek\u00a0: PKO BP, II Oddzia\u0142 WARSZAWA<br \/>\n01-551 WARSZAWA \u00a0ul. MICKIEWICZA 25<\/p>\n\t\t\t<\/div>\r\n    <\/div>\r\n\r\n\t\r\n\t \r\n\r\n\r\n<\/div>\r\n  \r\n<\/div>\r\n\n\n\r\n<div class=\"\">\r\n\r\n<div class=\"row\">\r\n\r\n  \r\n\r\n\r\n     <div class=\"col-xl-12 col-lg-6 col-md-12 col-sm-12 project\">\r\n\t\t\t<div class=\"contact_box project_box\">\r\n\t\t\t<div class=\"headingh2\">Przewodnicz\u0105ca Komisji Zak\u0142adowej<\/div>\r\n\t\t\t<div class=\"headingh3\">Jolanta Bia\u0142kowska<\/div><br>\r\n\r\n\r\n\t\t\t<p>tel.: <a href=\"tel:22 56 18 877\">22 56 18 877<\/a><br \/>\ne-mail: <a href=\"mailto:j.bialkowska@uksw.edu.pl\">j.bialkowska@uksw.edu.pl<\/a><\/p>\n\t\t\t<\/div>\r\n    <\/div>\r\n\r\n\t\r\n\t \r\n\r\n\r\n<\/div>\r\n  \r\n<\/div>\r\n\n\n\n<div style=\"height:16px\" aria-hidden=\"true\" class=\"wp-block-spacer\"><\/div>\n\n\n\n<h2 class=\"wp-block-heading\">Formularz kontaktowy<\/h2>\n\n\n\r\n<div class=\"\">\r\n\r\n\r\n<div class=\"contact_grey\">\r\n\r\n\n<div class=\"wpcf7 no-js\" id=\"wpcf7-f776-o1\" lang=\"pl-PL\" dir=\"ltr\" data-wpcf7-id=\"776\">\n<div class=\"screen-reader-response\"><p role=\"status\" aria-live=\"polite\" aria-atomic=\"true\"><\/p> <ul><\/ul><\/div>\n<form action=\"\/pl\/wp-json\/wp\/v2\/pages\/421#wpcf7-f776-o1\" method=\"post\" class=\"wpcf7-form init\" aria-label=\"Formularz kontaktowy\" novalidate=\"novalidate\" data-status=\"init\">\n<div style=\"display: none;\">\n<input type=\"hidden\" name=\"_wpcf7\" value=\"776\" \/>\n<input type=\"hidden\" name=\"_wpcf7_version\" value=\"6.0.6\" \/>\n<input type=\"hidden\" name=\"_wpcf7_locale\" value=\"pl_PL\" \/>\n<input type=\"hidden\" name=\"_wpcf7_unit_tag\" value=\"wpcf7-f776-o1\" \/>\n<input type=\"hidden\" name=\"_wpcf7_container_post\" value=\"0\" \/>\n<input type=\"hidden\" name=\"_wpcf7_posted_data_hash\" value=\"\" \/>\n<\/div>\n<p>Pola oznaczone symbolem gwiazdki * wymagaj\u0105 uzupe\u0142nienia<\/p>\n<div class=\"row\">\n<div class=\"col-xxl-6 col-xl-6 col-lg-6 col-md-12 col-sm-12\">\n<div class=\"mb-4\">\n<label for=\"topic\" class=\"sr-only\">Okre\u015bl temat wiadomo\u015bci<\/label>\n<span class=\"wpcf7-form-control-wrap\" data-name=\"topic\"><input size=\"40\" maxlength=\"400\" class=\"wpcf7-form-control wpcf7-text wpcf7-validates-as-required form-control\" id=\"topic\" aria-required=\"true\" aria-invalid=\"false\" placeholder=\"Temat *\" value=\"\" type=\"text\" name=\"topic\" \/><\/span>\n<\/div>\n<\/div>\n<\/div>\n\n<div class=\"row\">\n<div class=\"col-xxl-6 col-xl-6 col-lg-6 col-md-12 col-sm-12\">\n<div class=\"mb-4\">\n<label for=\"message\" class=\"sr-only\">Wpisz swoj\u0105 wiadomo\u015b\u0107<\/label>\n<span class=\"wpcf7-form-control-wrap\" data-name=\"message\"><textarea cols=\"1\" rows=\"5\" maxlength=\"2000\" class=\"wpcf7-form-control wpcf7-textarea wpcf7-validates-as-required form-control\" id=\"message\" aria-required=\"true\" aria-invalid=\"false\" placeholder=\"Tre\u015b\u0107 wiadomo\u015bci *\" name=\"message\"><\/textarea><\/span>\n<\/div>\n<\/div>\n<\/div>\n\n<div class=\"row\">\n<div class=\"col-xxl-6 col-xl-6 col-lg-6 col-md-12 col-sm-12\">\n<div class=\"mb-4\">\n<label for=\"person\" class=\"sr-only\">Podpisz si\u0119<\/label>\n<span class=\"wpcf7-form-control-wrap\" data-name=\"person\"><input size=\"40\" maxlength=\"400\" class=\"wpcf7-form-control wpcf7-text wpcf7-validates-as-required form-control\" id=\"person\" aria-required=\"true\" aria-invalid=\"false\" placeholder=\"Imi\u0119 i nazwisko *\" value=\"\" type=\"text\" name=\"person\" \/><\/span>  \n<\/div>\n<\/div>\n<\/div>\n\n<div class=\"row\">\n<div class=\"col-xxl-6 col-xl-6 col-lg-6 col-md-12 col-sm-12\">\n<div class=\"mb-4\">\n<label for=\"email\" class=\"sr-only\">Wpisz adres mailowy<\/label>\n<span class=\"wpcf7-form-control-wrap\" data-name=\"your-email\"><input size=\"40\" maxlength=\"400\" class=\"wpcf7-form-control wpcf7-email wpcf7-validates-as-required wpcf7-text wpcf7-validates-as-email form-control\" id=\"email\" aria-required=\"true\" aria-invalid=\"false\" placeholder=\"Adres e-mail *\" value=\"\" type=\"email\" name=\"your-email\" \/><\/span>  \n<\/div>\n<\/div>\n<\/div>\n\n<div class=\"mb-4\">\n<div class=\"form-check\">\n<span class=\"wpcf7-form-control-wrap\" data-name=\"checkbox-666\"><span class=\"wpcf7-form-control wpcf7-checkbox wpcf7-validates-as-required\" id=\"cb\"><span class=\"wpcf7-list-item first last\"><label><input type=\"checkbox\" name=\"checkbox-666[]\" value=\"Korzystanie ze strony oznacza zgod\u0119 na przetwarzanie danych osobowych. Informacja o ochronie danych osobowych (RODO).\" \/><span class=\"wpcf7-list-item-label\">Korzystanie ze strony oznacza zgod\u0119 na przetwarzanie danych osobowych. Informacja o ochronie danych osobowych (RODO).<\/span><\/label><\/span><\/span><\/span>\n<\/div>\n<\/div>\n\n<div>\n<button class=\"but_send\" title=\"Kliknij, aby przes\u0142a\u0107 formularz\" type=\"submit\">Wy\u015blij<\/button>\n<\/div><div class=\"wpcf7-response-output\" aria-hidden=\"true\"><\/div>\n<\/form>\n<\/div>\n\r\n<\/div>\r\n\r\n\r\n<\/div>","protected":false},"excerpt":{"rendered":"<p>Formularz kontaktowy<\/p>\n","protected":false},"author":1,"featured_media":962,"parent":0,"menu_order":4,"comment_status":"closed","ping_status":"closed","template":"page-templates\/template-sub-page.php","meta":{"_acf_changed":false,"inline_featured_image":false,"footnotes":"","_links_to":"","_links_to_target":""},"class_list":["post-421","page","type-page","status-publish","has-post-thumbnail","hentry"],"acf":[],"_links":{"self":[{"href":"https:\/\/solidarnosc.uksw.edu.pl\/pl\/wp-json\/wp\/v2\/pages\/421","targetHints":{"allow":["GET"]}}],"collection":[{"href":"https:\/\/solidarnosc.uksw.edu.pl\/pl\/wp-json\/wp\/v2\/pages"}],"about":[{"href":"https:\/\/solidarnosc.uksw.edu.pl\/pl\/wp-json\/wp\/v2\/types\/page"}],"author":[{"embeddable":true,"href":"https:\/\/solidarnosc.uksw.edu.pl\/pl\/wp-json\/wp\/v2\/users\/1"}],"replies":[{"embeddable":true,"href":"https:\/\/solidarnosc.uksw.edu.pl\/pl\/wp-json\/wp\/v2\/comments?post=421"}],"version-history":[{"count":34,"href":"https:\/\/solidarnosc.uksw.edu.pl\/pl\/wp-json\/wp\/v2\/pages\/421\/revisions"}],"predecessor-version":[{"id":980,"href":"https:\/\/solidarnosc.uksw.edu.pl\/pl\/wp-json\/wp\/v2\/pages\/421\/revisions\/980"}],"wp:featuredmedia":[{"embeddable":true,"href":"https:\/\/solidarnosc.uksw.edu.pl\/pl\/wp-json\/wp\/v2\/media\/962"}],"wp:attachment":[{"href":"https:\/\/solidarnosc.uksw.edu.pl\/pl\/wp-json\/wp\/v2\/media?parent=421"}],"curies":[{"name":"wp","href":"https:\/\/api.w.org\/{rel}","templated":true}]}}